{"id":3106,"date":"2023-05-19T05:01:20","date_gmt":"2023-05-19T05:01:20","guid":{"rendered":"https:\/\/linotech.pl\/?post_type=product&#038;p=3106"},"modified":"2024-10-11T09:03:16","modified_gmt":"2024-10-11T09:03:16","slug":"lina-polipropylenowa-pleciona-bez-rdzenia","status":"publish","type":"product","link":"https:\/\/linotech.pl\/de\/produkt\/lina-polipropylenowa-pleciona-bez-rdzenia\/","title":{"rendered":"Lina Polipropylenowa pleciona bez rdzenia"},"content":{"rendered":"<section class=\"wpb-content-wrapper\"><p>[vc_row][vc_column][vc_column_text][\/vc_column_text][vc_column_text]<\/p>\n<table style=\"width: 556px;\" border=\"0\" width=\"556\" cellspacing=\"0\" cellpadding=\"0\">\n<colgroup>\n<col \/>\n<col \/>\n<col \/>\n<col \/>\n<col \/> <\/colgroup>\n<tbody>\n<tr>\n<td style=\"height: 20px; width: 64px;\" height=\"20\">SYMBOL<\/td>\n<td style=\"width: 104px;\">\u015aREDNICA<\/td>\n<td style=\"width: 137px;\">WYTRZYMA\u0141O\u015a\u0106 [KG]<\/td>\n<td style=\"width: 91px;\">NAW\u00d3J [MB]<\/td>\n<td style=\"width: 160px;\">EAN<\/td>\n<\/tr>\n<tr>\n<td style=\"height: 20px;\" height=\"20\">LPPT03<\/td>\n<td>3mm<\/td>\n<td>110<\/td>\n<td>400<\/td>\n<td>5906718023315<\/td>\n<\/tr>\n<tr>\n<td style=\"height: 20px;\" height=\"20\">LPPT04<\/td>\n<td>4mm<\/td>\n<td>162<\/td>\n<td>500<\/td>\n<td>5906718023322<\/td>\n<\/tr>\n<tr>\n<td style=\"height: 20px;\" height=\"20\">LPPT05<\/td>\n<td>5mm<\/td>\n<td>219<\/td>\n<td>400<\/td>\n<td>5906718023339<\/td>\n<\/tr>\n<tr>\n<td style=\"height: 20px;\" height=\"20\">LPPT06<\/td>\n<td>6mm<\/td>\n<td>378<\/td>\n<td>400<\/td>\n<td>5906718023346<\/td>\n<\/tr>\n<tr>\n<td style=\"height: 20px;\" height=\"20\">LPPT08<\/td>\n<td>8mm<\/td>\n<td>675<\/td>\n<td>300<\/td>\n<td>5906718023360<\/td>\n<\/tr>\n<tr>\n<td style=\"height: 20px;\" height=\"20\">LPPT10<\/td>\n<td>10mm<\/td>\n<td>1116<\/td>\n<td>200<\/td>\n<td>5906718023377<\/td>\n<\/tr>\n<tr>\n<td style=\"height: 20px;\" height=\"20\">LPPT12<\/td>\n<td>12mm<\/td>\n<td>1273<\/td>\n<td>150<\/td>\n<td>5906718023384<\/td>\n<\/tr>\n<tr>\n<td style=\"height: 20px;\" height=\"20\">LPPT14<\/td>\n<td>14mm<\/td>\n<td>1476<\/td>\n<td>120<\/td>\n<td>5906718023391<\/td>\n<\/tr>\n<tr>\n<td style=\"height: 20px;\" height=\"20\">LPPT16<\/td>\n<td>16mm<\/td>\n<td>1692<\/td>\n<td>100<\/td>\n<td>5906718023407<\/td>\n<\/tr>\n<\/tbody>\n<\/table>\n<p>[\/vc_column_text][\/vc_column][\/vc_row]<\/p>\n<\/section>","protected":false},"excerpt":{"rendered":"<ul>\n<li>Lina wykonana z jedwabiu polipropylenowego (multifilament PP)<\/li>\n<li>Lina bezrdzeniowa<\/li>\n<li>Stabilizacja na promienie UV<\/li>\n<li>Nie tonie w wodzie<\/li>\n<li>Odporna na kwasy i zasady<\/li>\n<\/ul>\n","protected":false},"featured_media":2450,"template":"","meta":[],"product_cat":[86,87],"product_tag":[],"class_list":["post-3106","product","type-product","status-publish","has-post-thumbnail","hentry","product_cat-liny-i-lancuchy","product_cat-liny-polipropylenowe","description-off"],"_links":{"self":[{"href":"https:\/\/linotech.pl\/de\/wp-json\/wp\/v2\/product\/3106","targetHints":{"allow":["GET"]}}],"collection":[{"href":"https:\/\/linotech.pl\/de\/wp-json\/wp\/v2\/product"}],"about":[{"href":"https:\/\/linotech.pl\/de\/wp-json\/wp\/v2\/types\/product"}],"wp:featuredmedia":[{"embeddable":true,"href":"https:\/\/linotech.pl\/de\/wp-json\/wp\/v2\/media\/2450"}],"wp:attachment":[{"href":"https:\/\/linotech.pl\/de\/wp-json\/wp\/v2\/media?parent=3106"}],"wp:term":[{"taxonomy":"product_cat","embeddable":true,"href":"https:\/\/linotech.pl\/de\/wp-json\/wp\/v2\/product_cat?post=3106"},{"taxonomy":"product_tag","embeddable":true,"href":"https:\/\/linotech.pl\/de\/wp-json\/wp\/v2\/product_tag?post=3106"}],"curies":[{"name":"wp","href":"https:\/\/api.w.org\/{rel}","templated":true}]}}