{"id":3126,"date":"2023-05-19T05:45:28","date_gmt":"2023-05-19T05:45:28","guid":{"rendered":"https:\/\/linotech.pl\/?post_type=product&#038;p=3126"},"modified":"2023-05-19T06:09:02","modified_gmt":"2023-05-19T06:09:02","slug":"lina-do-bielizny-pleciona","status":"publish","type":"product","link":"https:\/\/linotech.pl\/de\/produkt\/lina-do-bielizny-pleciona\/","title":{"rendered":"Lina do bielizny pleciona"},"content":{"rendered":"<section class=\"wpb-content-wrapper\"><p>[vc_row][vc_column][vc_column_text][\/vc_column_text][vc_column_text]<\/p>\n<table style=\"width: 556px;\" border=\"0\" width=\"556\" cellspacing=\"0\" cellpadding=\"0\">\n<colgroup>\n<col \/>\n<col \/>\n<col \/>\n<col \/>\n<col \/> <\/colgroup>\n<tbody>\n<tr>\n<td style=\"height: 20px; width: 64px;\" height=\"20\">SYMBOL<\/td>\n<td style=\"width: 104px;\">\u015aREDNICA<\/td>\n<td style=\"width: 137px;\">WYTRZYMA\u0141O\u015a\u0106 [KG]<\/td>\n<td style=\"width: 91px;\">NAW\u00d3J [MB]<\/td>\n<td style=\"width: 160px;\">EAN<\/td>\n<\/tr>\n<tr>\n<td style=\"height: 20px;\" height=\"20\">LB02<\/td>\n<td>2mm<\/td>\n<td>65<\/td>\n<td>400<\/td>\n<td>5906718028099<\/td>\n<\/tr>\n<\/tbody>\n<\/table>\n<p>[\/vc_column_text][\/vc_column][\/vc_row]<\/p>\n<\/section>","protected":false},"excerpt":{"rendered":"<ul>\n<li>Oplot: Jedwab Polipropylenowy<\/li>\n<li>Splot: 12 oplot\u00f3w<\/li>\n<li>Ch\u0142onno\u015b\u0107 wody: ~0%<\/li>\n<li>Stabilizacja na promienie UV<\/li>\n<li>Bardzo du\u017ca wytrzyma\u0142o\u015b\u0107<\/li>\n<\/ul>\n","protected":false},"featured_media":3139,"template":"","meta":[],"product_cat":[86,87],"product_tag":[],"class_list":["post-3126","product","type-product","status-publish","has-post-thumbnail","hentry","product_cat-liny-i-lancuchy","product_cat-liny-polipropylenowe","description-off"],"_links":{"self":[{"href":"https:\/\/linotech.pl\/de\/wp-json\/wp\/v2\/product\/3126","targetHints":{"allow":["GET"]}}],"collection":[{"href":"https:\/\/linotech.pl\/de\/wp-json\/wp\/v2\/product"}],"about":[{"href":"https:\/\/linotech.pl\/de\/wp-json\/wp\/v2\/types\/product"}],"wp:featuredmedia":[{"embeddable":true,"href":"https:\/\/linotech.pl\/de\/wp-json\/wp\/v2\/media\/3139"}],"wp:attachment":[{"href":"https:\/\/linotech.pl\/de\/wp-json\/wp\/v2\/media?parent=3126"}],"wp:term":[{"taxonomy":"product_cat","embeddable":true,"href":"https:\/\/linotech.pl\/de\/wp-json\/wp\/v2\/product_cat?post=3126"},{"taxonomy":"product_tag","embeddable":true,"href":"https:\/\/linotech.pl\/de\/wp-json\/wp\/v2\/product_tag?post=3126"}],"curies":[{"name":"wp","href":"https:\/\/api.w.org\/{rel}","templated":true}]}}