{"id":3144,"date":"2023-05-19T06:17:19","date_gmt":"2023-05-19T06:17:19","guid":{"rendered":"https:\/\/linotech.pl\/?post_type=product&#038;p=3144"},"modified":"2024-10-11T09:01:18","modified_gmt":"2024-10-11T09:01:18","slug":"lina-polipropylenowa-krecona","status":"publish","type":"product","link":"https:\/\/linotech.pl\/de\/produkt\/lina-polipropylenowa-krecona\/","title":{"rendered":"Lina polipropylenowa kr\u0119cona"},"content":{"rendered":"<section class=\"wpb-content-wrapper\"><p>[vc_row][vc_column][vc_column_text]Lina polipropylenowa kr\u0119cona to wytrzyma\u0142a i wszechstronna lina, kt\u00f3ra jest popularnym wyborem w wielu dziedzinach, takich jak \u017ceglarstwo, w\u0119dkarstwo czy prace na wysoko\u015bciach. Wykonana z wysokiej jako\u015bci polipropylenu, ta lina charakteryzuje si\u0119 lekko\u015bci\u0105, elastyczno\u015bci\u0105 i odporno\u015bci\u0105 na warunki atmosferyczne.<\/p>\n<p>Kr\u0119cona struktura liny polipropylenowej zapewnia wi\u0119ksz\u0105 wytrzyma\u0142o\u015b\u0107 i trwa\u0142o\u015b\u0107, a tak\u017ce u\u0142atwia manipulacj\u0119 i mocowanie. Dzi\u0119ki swojej niskiej wch\u0142anialno\u015bci wody, lina polipropylenowa nie traci swoich w\u0142a\u015bciwo\u015bci nawet w mokrych warunkach. Jest r\u00f3wnie\u017c odporna na ple\u015b\u0144, rozpuszczalniki i wi\u0119kszo\u015b\u0107 chemikali\u00f3w, co sprawia, \u017ce jest idealna do u\u017cytku zewn\u0119trznego.[\/vc_column_text][vc_column_text]<\/p>\n<table style=\"width: 556px;\" border=\"0\" width=\"556\" cellspacing=\"0\" cellpadding=\"0\">\n<colgroup>\n<col \/>\n<col \/>\n<col \/>\n<col \/>\n<col \/> <\/colgroup>\n<tbody>\n<tr>\n<td style=\"height: 20px; width: 64px;\" height=\"20\">SYMBOL<\/td>\n<td style=\"width: 104px;\">\u015aREDNICA<\/td>\n<td style=\"width: 137px;\">WYTRZYMA\u0141O\u015a\u0106 [KG]<\/td>\n<td style=\"width: 91px;\">NAW\u00d3J [MB]<\/td>\n<td style=\"width: 160px;\">EAN<\/td>\n<\/tr>\n<tr>\n<td style=\"height: 20px;\" height=\"20\">LPK06<\/td>\n<td>6mm<\/td>\n<td>296<\/td>\n<td>50, 110, 220<\/td>\n<td>5907650297642<\/td>\n<\/tr>\n<tr>\n<td style=\"height: 20px;\" height=\"20\">LPK08<\/td>\n<td>8mm<\/td>\n<td>505<\/td>\n<td>50, 110, 220<\/td>\n<td>5907650297659<\/td>\n<\/tr>\n<tr>\n<td style=\"height: 20px;\" height=\"20\">LPK10<\/td>\n<td>10mm<\/td>\n<td>770<\/td>\n<td>50, 110, 220<\/td>\n<td>5907650297604<\/td>\n<\/tr>\n<tr>\n<td style=\"height: 20px;\" height=\"20\">LPK12<\/td>\n<td>12mm<\/td>\n<td>1080<\/td>\n<td>50, 110, 220<\/td>\n<td>5907650297611<\/td>\n<\/tr>\n<tr>\n<td style=\"height: 20px;\" height=\"20\">LPK14<\/td>\n<td>14mm<\/td>\n<td>1445<\/td>\n<td>50, 110, 220<\/td>\n<td>5907650297628<\/td>\n<\/tr>\n<tr>\n<td style=\"height: 20px;\" height=\"20\">LPK16<\/td>\n<td>16mm<\/td>\n<td>1850<\/td>\n<td>50, 110, 220<\/td>\n<td>5907650297635<\/td>\n<\/tr>\n<tr>\n<td style=\"height: 20px;\" height=\"20\">LPK18<\/td>\n<td>18mm<\/td>\n<td>2310<\/td>\n<td>50<\/td>\n<td>5907650297772<\/td>\n<\/tr>\n<tr>\n<td style=\"height: 20px;\" height=\"20\">LPK20<\/td>\n<td>20mm<\/td>\n<td>2805<\/td>\n<td>50<\/td>\n<td>5907650297766<\/td>\n<\/tr>\n<tr>\n<td style=\"height: 20px;\" height=\"20\">LPK22<\/td>\n<td>22mm<\/td>\n<td>3355<\/td>\n<td>50<\/td>\n<td>5907650297673<\/td>\n<\/tr>\n<tr>\n<td style=\"height: 20px;\" height=\"20\">LPK24<\/td>\n<td>24mm<\/td>\n<td>3940<\/td>\n<td>50<\/td>\n<td>5907650297680<\/td>\n<\/tr>\n<tr>\n<td style=\"height: 20px;\" height=\"20\">LPK26<\/td>\n<td>26mm<\/td>\n<td>4575<\/td>\n<td>50<\/td>\n<td>5907650297697<\/td>\n<\/tr>\n<tr>\n<td style=\"height: 20px;\" height=\"20\">LPK28<\/td>\n<td>28mm<\/td>\n<td>5250<\/td>\n<td>50<\/td>\n<td>5907650297703<\/td>\n<\/tr>\n<tr>\n<td style=\"height: 20px;\" height=\"20\">LPK30<\/td>\n<td>30mm<\/td>\n<td>5950<\/td>\n<td>50<\/td>\n<td>5907650297710<\/td>\n<\/tr>\n<tr>\n<td style=\"height: 20px;\" height=\"20\">LPK36<\/td>\n<td>36mm<\/td>\n<td>8350<\/td>\n<td>50<\/td>\n<td>5907650297727<\/td>\n<\/tr>\n<tr>\n<td style=\"height: 20px;\" height=\"20\">LPK40<\/td>\n<td>40mm<\/td>\n<td>10200<\/td>\n<td>50<\/td>\n<td>5907650297734<\/td>\n<\/tr>\n<tr>\n<td style=\"height: 20px;\" height=\"20\">LPK46<\/td>\n<td>46mm<\/td>\n<td>12150<\/td>\n<td>50<\/td>\n<td>5907650297741<\/td>\n<\/tr>\n<tr>\n<td style=\"height: 20px;\" height=\"20\">LPK50<\/td>\n<td>50mm<\/td>\n<td>14300<\/td>\n<td>50<\/td>\n<td>5907650297758<\/td>\n<\/tr>\n<\/tbody>\n<\/table>\n<p>[\/vc_column_text][\/vc_column][\/vc_row]<\/p>\n<\/section>","protected":false},"excerpt":{"rendered":"<ul>\n<li>Lina wykonana z PP<\/li>\n<li>Stabilizacja na promienie UV<\/li>\n<li>Nie tonie w wodzie<\/li>\n<li>U\u017cywana w rolnictwie<\/li>\n<\/ul>\n","protected":false},"featured_media":3146,"template":"","meta":[],"product_cat":[86,87],"product_tag":[],"class_list":["post-3144","product","type-product","status-publish","has-post-thumbnail","hentry","product_cat-liny-i-lancuchy","product_cat-liny-polipropylenowe","description-off"],"_links":{"self":[{"href":"https:\/\/linotech.pl\/de\/wp-json\/wp\/v2\/product\/3144","targetHints":{"allow":["GET"]}}],"collection":[{"href":"https:\/\/linotech.pl\/de\/wp-json\/wp\/v2\/product"}],"about":[{"href":"https:\/\/linotech.pl\/de\/wp-json\/wp\/v2\/types\/product"}],"wp:featuredmedia":[{"embeddable":true,"href":"https:\/\/linotech.pl\/de\/wp-json\/wp\/v2\/media\/3146"}],"wp:attachment":[{"href":"https:\/\/linotech.pl\/de\/wp-json\/wp\/v2\/media?parent=3144"}],"wp:term":[{"taxonomy":"product_cat","embeddable":true,"href":"https:\/\/linotech.pl\/de\/wp-json\/wp\/v2\/product_cat?post=3144"},{"taxonomy":"product_tag","embeddable":true,"href":"https:\/\/linotech.pl\/de\/wp-json\/wp\/v2\/product_tag?post=3144"}],"curies":[{"name":"wp","href":"https:\/\/api.w.org\/{rel}","templated":true}]}}