{"id":3150,"date":"2023-05-19T08:40:41","date_gmt":"2023-05-19T08:40:41","guid":{"rendered":"https:\/\/linotech.pl\/?post_type=product&#038;p=3150"},"modified":"2023-09-08T09:29:04","modified_gmt":"2023-09-08T09:29:04","slug":"lina-poliestrowa-pleciona-ht","status":"publish","type":"product","link":"https:\/\/linotech.pl\/de\/produkt\/lina-poliestrowa-pleciona-ht\/","title":{"rendered":"Lina poliestrowa pleciona (HT)"},"content":{"rendered":"<section class=\"wpb-content-wrapper\"><p>[vc_row][vc_column][vc_column_text]Lina poliestrowa pleciona to wysokiej jako\u015bci lina, kt\u00f3ra znajduje szerokie zastosowanie w r\u00f3\u017cnych dziedzinach, w tym w \u017ceglarstwie, przemy\u015ble, budownictwie i rekreacji. Wykonana z wytrzyma\u0142ego poliestru, lina ta charakteryzuje si\u0119 doskona\u0142\u0105 wytrzyma\u0142o\u015bci\u0105, odporno\u015bci\u0105 na rozci\u0105ganie i dzia\u0142anie warunk\u00f3w atmosferycznych.<\/p>\n<p>Plecione wykonanie liny poliestrowej zapewnia dodatkow\u0105 trwa\u0142o\u015b\u0107 i elastyczno\u015b\u0107. Ta konstrukcja umo\u017cliwia r\u00f3wnie\u017c lepsz\u0105 kontrol\u0119 nad lina i u\u0142atwia manipulacj\u0119. Lina poliestrowa pleciona jest odporna na \u015bcieranie, promieniowanie UV oraz wi\u0119kszo\u015b\u0107 chemikali\u00f3w, co czyni j\u0105 niezawodn\u0105 w trudnych warunkach.[\/vc_column_text][vc_column_text]<\/p>\n<table style=\"width: 556px;\" border=\"0\" width=\"556\" cellspacing=\"0\" cellpadding=\"0\">\n<colgroup>\n<col \/>\n<col \/>\n<col \/>\n<col \/>\n<col \/> <\/colgroup>\n<tbody>\n<tr>\n<td style=\"height: 20px; width: 64px;\" height=\"20\">SYMBOL<\/td>\n<td style=\"width: 104px;\">\u015aREDNICA<\/td>\n<td style=\"width: 137px;\">WYTRZYMA\u0141O\u015a\u0106 [KG]<\/td>\n<td style=\"width: 91px;\">NAW\u00d3J [MB]<\/td>\n<td style=\"width: 160px;\">EAN<\/td>\n<\/tr>\n<tr>\n<td style=\"height: 20px;\" height=\"20\">LPSP04<\/td>\n<td>4mm<\/td>\n<td>250<\/td>\n<td>200<\/td>\n<td>5907650297178<\/td>\n<\/tr>\n<tr>\n<td style=\"height: 20px;\" height=\"20\">LPSP05<\/td>\n<td>5mm<\/td>\n<td>380<\/td>\n<td>200<\/td>\n<td>5907650297185<\/td>\n<\/tr>\n<tr>\n<td style=\"height: 20px;\" height=\"20\">LPSP06<\/td>\n<td>6mm<\/td>\n<td>700<\/td>\n<td>200<\/td>\n<td>5907650297192<\/td>\n<\/tr>\n<tr>\n<td style=\"height: 20px;\" height=\"20\">LPSP08<\/td>\n<td>8mm<\/td>\n<td>1300<\/td>\n<td>100<\/td>\n<td>5907650297208<\/td>\n<\/tr>\n<tr>\n<td style=\"height: 20px;\" height=\"20\">LPSP10<\/td>\n<td>10mm<\/td>\n<td>1800<\/td>\n<td>100<\/td>\n<td>5907650297215<\/td>\n<\/tr>\n<tr>\n<td style=\"height: 20px;\" height=\"20\">LPSP12<\/td>\n<td>12mm<\/td>\n<td>2300<\/td>\n<td>100<\/td>\n<td>5907650297222<\/td>\n<\/tr>\n<\/tbody>\n<\/table>\n<p>[\/vc_column_text][\/vc_column][\/vc_row]<\/p>\n<\/section>","protected":false},"excerpt":{"rendered":"<ul>\n<li>Lina wykonana z PP<\/li>\n<li>Stabilizacja na promienie UV<\/li>\n<li>Nie tonie w wodzie<\/li>\n<li>U\u017cywana w rolnictwie<\/li>\n<\/ul>\n","protected":false},"featured_media":3152,"template":"","meta":[],"product_cat":[114,86],"product_tag":[],"class_list":["post-3150","product","type-product","status-publish","has-post-thumbnail","hentry","product_cat-lini-poliestrowe","product_cat-liny-i-lancuchy","description-off"],"_links":{"self":[{"href":"https:\/\/linotech.pl\/de\/wp-json\/wp\/v2\/product\/3150","targetHints":{"allow":["GET"]}}],"collection":[{"href":"https:\/\/linotech.pl\/de\/wp-json\/wp\/v2\/product"}],"about":[{"href":"https:\/\/linotech.pl\/de\/wp-json\/wp\/v2\/types\/product"}],"wp:featuredmedia":[{"embeddable":true,"href":"https:\/\/linotech.pl\/de\/wp-json\/wp\/v2\/media\/3152"}],"wp:attachment":[{"href":"https:\/\/linotech.pl\/de\/wp-json\/wp\/v2\/media?parent=3150"}],"wp:term":[{"taxonomy":"product_cat","embeddable":true,"href":"https:\/\/linotech.pl\/de\/wp-json\/wp\/v2\/product_cat?post=3150"},{"taxonomy":"product_tag","embeddable":true,"href":"https:\/\/linotech.pl\/de\/wp-json\/wp\/v2\/product_tag?post=3150"}],"curies":[{"name":"wp","href":"https:\/\/api.w.org\/{rel}","templated":true}]}}