{"id":3155,"date":"2023-05-19T09:07:42","date_gmt":"2023-05-19T09:07:42","guid":{"rendered":"https:\/\/linotech.pl\/?post_type=product&#038;p=3155"},"modified":"2024-10-11T09:29:13","modified_gmt":"2024-10-11T09:29:13","slug":"lina-poliamidowa-pleciona","status":"publish","type":"product","link":"https:\/\/linotech.pl\/de\/produkt\/lina-poliamidowa-pleciona\/","title":{"rendered":"Lina Poliamidowa pleciona"},"content":{"rendered":"<section class=\"wpb-content-wrapper\"><p>[vc_row][vc_column][vc_column_text]Lina poliamidowa, dzi\u0119ki swojej konstrukcji jest bardziej odporna na \u015bcieranie i wytrzyma\u0142a na obci\u0105\u017cenia dynamiczne, co sprawia, \u017ce jest idealna do zastosowa\u0144, gdzie istnieje potrzeba absorpcji energii. Dodatkowo, lina ta charakteryzuje si\u0119 dobr\u0105 odporno\u015bci\u0105 na dzia\u0142anie czynnik\u00f3w atmosferycznych, a tak\u017ce na dzia\u0142anie substancji chemicznych, co czyni j\u0105 u\u017cyteczn\u0105 w r\u00f3\u017cnych warunkach.<\/p>\n<p>Lina poliamidowa pleciona oferuje tak\u017ce pewn\u0105 elastyczno\u015b\u0107, co u\u0142atwia jej manipulacj\u0119 i zastosowanie w sytuacjach, gdzie konieczna jest pewna absorpcja wstrz\u0105s\u00f3w. Wysoka wytrzyma\u0142o\u015b\u0107 na rozci\u0105ganie, lekko\u015b\u0107 i odporno\u015b\u0107 na przecieranie sprawiaj\u0105, \u017ce jest to niezast\u0105piony materia\u0142 w wielu profesjonalnych i rekreacyjnych zastosowaniach.[\/vc_column_text][vc_column_text]<\/p>\n<table width=\"556\">\n<tbody>\n<tr>\n<td width=\"64\">SYMBOL<\/td>\n<td width=\"104\">\u015aREDNICA<\/td>\n<td width=\"137\">WYTRZYMA\u0141O\u015a\u0106 [KG]<\/td>\n<td width=\"91\">NAW\u00d3J [MB]<\/td>\n<td width=\"160\">EAN<\/td>\n<\/tr>\n<tr>\n<td>LPMP03<\/td>\n<td>3mm<\/td>\n<td>178<\/td>\n<td>400<\/td>\n<td>5907650297086<\/td>\n<\/tr>\n<tr>\n<td>LPMP04<\/td>\n<td>4mm<\/td>\n<td>310<\/td>\n<td>500<\/td>\n<td>5907650297024<\/td>\n<\/tr>\n<tr>\n<td>LPMP05<\/td>\n<td>5mm<\/td>\n<td>500<\/td>\n<td>400<\/td>\n<td>5907650297031<\/td>\n<\/tr>\n<tr>\n<td>LPMP06<\/td>\n<td>6mm<\/td>\n<td>700<\/td>\n<td>400<\/td>\n<td>5907650297055<\/td>\n<\/tr>\n<tr>\n<td>LPMP08<\/td>\n<td>8mm<\/td>\n<td>1370<\/td>\n<td>300<\/td>\n<td>5907650297079<\/td>\n<\/tr>\n<tr>\n<td>LPMP10<\/td>\n<td>10mm<\/td>\n<td>2100<\/td>\n<td>200<\/td>\n<td>5907650297116<\/td>\n<\/tr>\n<tr>\n<td>LPMP12<\/td>\n<td>12mm<\/td>\n<td>2940<\/td>\n<td>150<\/td>\n<td>5907650297123<\/td>\n<\/tr>\n<\/tbody>\n<\/table>\n<p>[\/vc_column_text][\/vc_column][\/vc_row]<\/p>\n<\/section>","protected":false},"excerpt":{"rendered":"<p>&nbsp;<\/p>\n<ul>\n<li>Oplot: jedwab poliamidowy<\/li>\n<li>Konstrukcja: 16 oplotowa<\/li>\n<li>Rdze\u0144: jedwab poliamidowy, uk\u0142ad r\u00f3wnoleg\u0142y<\/li>\n<\/ul>\n","protected":false},"featured_media":685,"template":"","meta":[],"product_cat":[86,113],"product_tag":[],"class_list":["post-3155","product","type-product","status-publish","has-post-thumbnail","hentry","product_cat-liny-i-lancuchy","product_cat-liny-poliamidowe","description-off"],"_links":{"self":[{"href":"https:\/\/linotech.pl\/de\/wp-json\/wp\/v2\/product\/3155","targetHints":{"allow":["GET"]}}],"collection":[{"href":"https:\/\/linotech.pl\/de\/wp-json\/wp\/v2\/product"}],"about":[{"href":"https:\/\/linotech.pl\/de\/wp-json\/wp\/v2\/types\/product"}],"wp:featuredmedia":[{"embeddable":true,"href":"https:\/\/linotech.pl\/de\/wp-json\/wp\/v2\/media\/685"}],"wp:attachment":[{"href":"https:\/\/linotech.pl\/de\/wp-json\/wp\/v2\/media?parent=3155"}],"wp:term":[{"taxonomy":"product_cat","embeddable":true,"href":"https:\/\/linotech.pl\/de\/wp-json\/wp\/v2\/product_cat?post=3155"},{"taxonomy":"product_tag","embeddable":true,"href":"https:\/\/linotech.pl\/de\/wp-json\/wp\/v2\/product_tag?post=3155"}],"curies":[{"name":"wp","href":"https:\/\/api.w.org\/{rel}","templated":true}]}}