{"id":3157,"date":"2023-05-22T06:04:16","date_gmt":"2023-05-22T06:04:16","guid":{"rendered":"https:\/\/linotech.pl\/?post_type=product&#038;p=3157"},"modified":"2024-10-11T09:36:24","modified_gmt":"2024-10-11T09:36:24","slug":"lina-rozruchowa","status":"publish","type":"product","link":"https:\/\/linotech.pl\/de\/produkt\/lina-rozruchowa\/","title":{"rendered":"Lina rozruchowa"},"content":{"rendered":"<section class=\"wpb-content-wrapper\"><p>[vc_row][vc_column][vc_column_text]Lina rozruchowa, dzi\u0119ki swojej konstrukcji jest bardziej odporna na \u015bcieranie i wytrzyma\u0142a na obci\u0105\u017cenia dynamiczne, co sprawia, \u017ce jest idealna do zastosowa\u0144, gdzie istnieje potrzeba absorpcji energii. Dodatkowo, lina ta charakteryzuje si\u0119 dobr\u0105 odporno\u015bci\u0105 na dzia\u0142anie czynnik\u00f3w atmosferycznych, a tak\u017ce na dzia\u0142anie substancji chemicznych, co czyni j\u0105 u\u017cyteczn\u0105 w r\u00f3\u017cnych warunkach.<\/p>\n<p>Lina rozruchowa oferuje tak\u017ce pewn\u0105 elastyczno\u015b\u0107, co u\u0142atwia jej manipulacj\u0119 i zastosowanie w sytuacjach, gdzie konieczna jest pewna absorpcja wstrz\u0105s\u00f3w. Wysoka wytrzyma\u0142o\u015b\u0107 na rozci\u0105ganie, lekko\u015b\u0107 i odporno\u015b\u0107 na przecieranie sprawiaj\u0105, \u017ce jest to niezast\u0105piony materia\u0142 w wielu profesjonalnych i rekreacyjnych zastosowaniach.[\/vc_column_text][vc_column_text]<\/p>\n<table width=\"556\">\n<tbody>\n<tr>\n<td width=\"64\">SYMBOL<\/td>\n<td width=\"104\">\u015aREDNICA<\/td>\n<td width=\"137\">WYTRZYMA\u0141O\u015a\u0106 [KG]<\/td>\n<td width=\"91\">NAW\u00d3J [MB]<\/td>\n<td width=\"160\">EAN<\/td>\n<\/tr>\n<tr>\n<td>LR03,5<\/td>\n<td>3,5mm<\/td>\n<td>115<\/td>\n<td>200<\/td>\n<td>5907650297406<\/td>\n<\/tr>\n<tr>\n<td>LR05<\/td>\n<td>5mm<\/td>\n<td>244<\/td>\n<td>200<\/td>\n<td>5907650297413<\/td>\n<\/tr>\n<\/tbody>\n<\/table>\n<p>[\/vc_column_text][\/vc_column][\/vc_row]<\/p>\n<\/section>","protected":false},"excerpt":{"rendered":"<ul>\n<li>Materia\u0142: Poliamid 100%<\/li>\n<li>Rdze\u0144: Poliamid 100%<\/li>\n<li>Linka pleciona o g\u0119stym splocie<\/li>\n<li>Gwarantuje maksymaln\u0105 odporno\u015b\u0107 na napr\u0119\u017cenie oraz rozw\u0142\u00f3knienie<\/li>\n<li>Niska rozci\u0105gliwo\u015b\u0107<\/li>\n<\/ul>\n","protected":false},"featured_media":684,"template":"","meta":[],"product_cat":[86,113,115],"product_tag":[],"class_list":["post-3157","product","type-product","status-publish","has-post-thumbnail","hentry","product_cat-liny-i-lancuchy","product_cat-liny-poliamidowe","product_cat-liny-rozruchowe","description-off"],"_links":{"self":[{"href":"https:\/\/linotech.pl\/de\/wp-json\/wp\/v2\/product\/3157","targetHints":{"allow":["GET"]}}],"collection":[{"href":"https:\/\/linotech.pl\/de\/wp-json\/wp\/v2\/product"}],"about":[{"href":"https:\/\/linotech.pl\/de\/wp-json\/wp\/v2\/types\/product"}],"wp:featuredmedia":[{"embeddable":true,"href":"https:\/\/linotech.pl\/de\/wp-json\/wp\/v2\/media\/684"}],"wp:attachment":[{"href":"https:\/\/linotech.pl\/de\/wp-json\/wp\/v2\/media?parent=3157"}],"wp:term":[{"taxonomy":"product_cat","embeddable":true,"href":"https:\/\/linotech.pl\/de\/wp-json\/wp\/v2\/product_cat?post=3157"},{"taxonomy":"product_tag","embeddable":true,"href":"https:\/\/linotech.pl\/de\/wp-json\/wp\/v2\/product_tag?post=3157"}],"curies":[{"name":"wp","href":"https:\/\/api.w.org\/{rel}","templated":true}]}}