{"id":3159,"date":"2023-05-22T06:22:03","date_gmt":"2023-05-22T06:22:03","guid":{"rendered":"https:\/\/linotech.pl\/?post_type=product&#038;p=3159"},"modified":"2024-10-11T09:43:32","modified_gmt":"2024-10-11T09:43:32","slug":"lina-kinetyczna-off-road-4x4","status":"publish","type":"product","link":"https:\/\/linotech.pl\/de\/produkt\/lina-kinetyczna-off-road-4x4\/","title":{"rendered":"Lina kinetyczna OFF ROAD 4&#215;4"},"content":{"rendered":"<section class=\"wpb-content-wrapper\"><p>[vc_row][vc_column][vc_column_text][\/vc_column_text][vc_column_text]<\/p>\n<table width=\"588\">\n<tbody>\n<tr>\n<td width=\"64\">LKPA245<\/td>\n<td width=\"104\">24mm<\/td>\n<td width=\"161\">1180<\/td>\n<td width=\"99\">5<\/td>\n<td width=\"160\">5906718023452<\/td>\n<\/tr>\n<tr>\n<td>LKPA246<\/td>\n<td>24mm<\/td>\n<td>1180<\/td>\n<td>6<\/td>\n<td>5906718023469<\/td>\n<\/tr>\n<tr>\n<td>LKPA248<\/td>\n<td>24mm<\/td>\n<td>1180<\/td>\n<td>8<\/td>\n<td>5906718023476<\/td>\n<\/tr>\n<tr>\n<td>LKPA2410<\/td>\n<td>24mm<\/td>\n<td>1180<\/td>\n<td>10<\/td>\n<td>5906718023520<\/td>\n<\/tr>\n<tr>\n<td>LKPA265<\/td>\n<td>26mm<\/td>\n<td>13700<\/td>\n<td>5<\/td>\n<td>5906718023490<\/td>\n<\/tr>\n<tr>\n<td>LKPA266<\/td>\n<td>26mm<\/td>\n<td>13700<\/td>\n<td>6<\/td>\n<td>5906718023506<\/td>\n<\/tr>\n<tr>\n<td>LKPA268<\/td>\n<td>26mm<\/td>\n<td>13700<\/td>\n<td>8<\/td>\n<td>5906718023513<\/td>\n<\/tr>\n<tr>\n<td>LKPA2610<\/td>\n<td>26mm<\/td>\n<td>13700<\/td>\n<td>10<\/td>\n<td>5906718023520<\/td>\n<\/tr>\n<tr>\n<td>LKPA285<\/td>\n<td>28mm<\/td>\n<td>14900<\/td>\n<td>5<\/td>\n<td>5906718023537<\/td>\n<\/tr>\n<tr>\n<td>LKPA286<\/td>\n<td>28mm<\/td>\n<td>14900<\/td>\n<td>6<\/td>\n<td>5906718023544<\/td>\n<\/tr>\n<tr>\n<td>LKPA288<\/td>\n<td>28mm<\/td>\n<td>14900<\/td>\n<td>8<\/td>\n<td>5906718023551<\/td>\n<\/tr>\n<tr>\n<td>LKPA2810<\/td>\n<td>28mm<\/td>\n<td>14900<\/td>\n<td>10<\/td>\n<td>5906718023568<\/td>\n<\/tr>\n<tr>\n<td>LKPA325<\/td>\n<td>32mm<\/td>\n<td>19600<\/td>\n<td>5<\/td>\n<td>5906718023575<\/td>\n<\/tr>\n<tr>\n<td>LKPA326<\/td>\n<td>32mm<\/td>\n<td>19600<\/td>\n<td>6<\/td>\n<td>5906718023582<\/td>\n<\/tr>\n<tr>\n<td>LKPA328<\/td>\n<td>32mm<\/td>\n<td>19600<\/td>\n<td>8<\/td>\n<td>5906718023599<\/td>\n<\/tr>\n<tr>\n<td>LKPA3210<\/td>\n<td>32mm<\/td>\n<td>19600<\/td>\n<td>10<\/td>\n<td>5906718023605<\/td>\n<\/tr>\n<\/tbody>\n<\/table>\n<p>[\/vc_column_text][\/vc_column][\/vc_row]<\/p>\n<\/section>","protected":false},"excerpt":{"rendered":"<ul>\n<li>Materia\u0142: Poliamid 100%<\/li>\n<li>Splot: Skr\u0119cany 3 \u017cy\u0142owy<\/li>\n<li>Rozci\u0105gliwo\u015b\u0107: bardzo du\u017ca (~30%)<\/li>\n<li>Odporno\u015b\u0107 na \u015bcieranie: bardzo du\u017ca<\/li>\n<li>Stabilizacja termiczna<\/li>\n<li>Produkt wykonany r\u0119cznie<\/li>\n<li>Atesty: PN-EN ISO 1140:2006 DIN 83330<\/li>\n<\/ul>\n","protected":false},"featured_media":2444,"template":"","meta":[],"product_cat":[86,112],"product_tag":[],"class_list":["post-3159","product","type-product","status-publish","has-post-thumbnail","hentry","product_cat-liny-i-lancuchy","product_cat-liny-kinetyczne","description-off"],"_links":{"self":[{"href":"https:\/\/linotech.pl\/de\/wp-json\/wp\/v2\/product\/3159","targetHints":{"allow":["GET"]}}],"collection":[{"href":"https:\/\/linotech.pl\/de\/wp-json\/wp\/v2\/product"}],"about":[{"href":"https:\/\/linotech.pl\/de\/wp-json\/wp\/v2\/types\/product"}],"wp:featuredmedia":[{"embeddable":true,"href":"https:\/\/linotech.pl\/de\/wp-json\/wp\/v2\/media\/2444"}],"wp:attachment":[{"href":"https:\/\/linotech.pl\/de\/wp-json\/wp\/v2\/media?parent=3159"}],"wp:term":[{"taxonomy":"product_cat","embeddable":true,"href":"https:\/\/linotech.pl\/de\/wp-json\/wp\/v2\/product_cat?post=3159"},{"taxonomy":"product_tag","embeddable":true,"href":"https:\/\/linotech.pl\/de\/wp-json\/wp\/v2\/product_tag?post=3159"}],"curies":[{"name":"wp","href":"https:\/\/api.w.org\/{rel}","templated":true}]}}