{"id":3161,"date":"2023-05-22T07:08:00","date_gmt":"2023-05-22T07:08:00","guid":{"rendered":"https:\/\/linotech.pl\/?post_type=product&#038;p=3161"},"modified":"2023-09-08T09:21:56","modified_gmt":"2023-09-08T09:21:56","slug":"lina-elastyczna-2","status":"publish","type":"product","link":"https:\/\/linotech.pl\/de\/produkt\/lina-elastyczna-2\/","title":{"rendered":"Lina elastyczna"},"content":{"rendered":"<section class=\"wpb-content-wrapper\"><p>[vc_row][vc_column][vc_column_text][\/vc_column_text][vc_column_text]<\/p>\n<table width=\"588\">\n<tbody>\n<tr>\n<td width=\"64\">SYMBOL<\/td>\n<td width=\"104\">\u015aREDNICA<\/td>\n<td width=\"161\">WYTRZYMA\u0141O\u015a\u0106 [KG]<\/td>\n<td width=\"99\">NAW\u00d3J [MB]<\/td>\n<td width=\"160\">EAN<\/td>\n<\/tr>\n<tr>\n<td>LE04<\/td>\n<td>4mm<\/td>\n<td>50<\/td>\n<td>200<\/td>\n<td>590671829010<\/td>\n<\/tr>\n<tr>\n<td>LE05<\/td>\n<td>5mm<\/td>\n<td>75<\/td>\n<td>200<\/td>\n<td>5906718023339<\/td>\n<\/tr>\n<tr>\n<td>LE06<\/td>\n<td>6mm<\/td>\n<td>100<\/td>\n<td>200<\/td>\n<td>5906718023346<\/td>\n<\/tr>\n<tr>\n<td>LE08<\/td>\n<td>8mm<\/td>\n<td>130<\/td>\n<td>100<\/td>\n<td>5906718023360<\/td>\n<\/tr>\n<tr>\n<td>LE10<\/td>\n<td>10mm<\/td>\n<td>175<\/td>\n<td>100<\/td>\n<td>5906718023377<\/td>\n<\/tr>\n<tr>\n<td>LE12<\/td>\n<td>12mm<\/td>\n<td>220<\/td>\n<td>100<\/td>\n<td>5906718023384<\/td>\n<\/tr>\n<\/tbody>\n<\/table>\n<p>[\/vc_column_text][\/vc_column][\/vc_row]<\/p>\n<\/section>","protected":false},"excerpt":{"rendered":"<ul>\n<li>Oplot: 20% jedwab polipropylenowy<\/li>\n<li>Rdze\u0144: 80% guma elastyczna, uk\u0142ad r\u00f3wnoleg\u0142y<\/li>\n<li>Splot: 16 oplot\u00f3w<\/li>\n<li>Rozci\u0105gliwo\u015b\u0107 70%<\/li>\n<\/ul>\n","protected":false},"featured_media":2486,"template":"","meta":[],"product_cat":[116,86],"product_tag":[],"class_list":["post-3161","product","type-product","status-publish","has-post-thumbnail","hentry","product_cat-liny-elastyczne","product_cat-liny-i-lancuchy","description-off"],"_links":{"self":[{"href":"https:\/\/linotech.pl\/de\/wp-json\/wp\/v2\/product\/3161","targetHints":{"allow":["GET"]}}],"collection":[{"href":"https:\/\/linotech.pl\/de\/wp-json\/wp\/v2\/product"}],"about":[{"href":"https:\/\/linotech.pl\/de\/wp-json\/wp\/v2\/types\/product"}],"wp:featuredmedia":[{"embeddable":true,"href":"https:\/\/linotech.pl\/de\/wp-json\/wp\/v2\/media\/2486"}],"wp:attachment":[{"href":"https:\/\/linotech.pl\/de\/wp-json\/wp\/v2\/media?parent=3161"}],"wp:term":[{"taxonomy":"product_cat","embeddable":true,"href":"https:\/\/linotech.pl\/de\/wp-json\/wp\/v2\/product_cat?post=3161"},{"taxonomy":"product_tag","embeddable":true,"href":"https:\/\/linotech.pl\/de\/wp-json\/wp\/v2\/product_tag?post=3161"}],"curies":[{"name":"wp","href":"https:\/\/api.w.org\/{rel}","templated":true}]}}