{"id":3163,"date":"2023-05-23T05:54:59","date_gmt":"2023-05-23T05:54:59","guid":{"rendered":"https:\/\/linotech.pl\/?post_type=product&#038;p=3163"},"modified":"2024-10-11T09:45:22","modified_gmt":"2024-10-11T09:45:22","slug":"sciagacz-liny-elastycznej","status":"publish","type":"product","link":"https:\/\/linotech.pl\/de\/produkt\/sciagacz-liny-elastycznej\/","title":{"rendered":"\u015aci\u0105gacz liny elastycznej"},"content":{"rendered":"<section class=\"wpb-content-wrapper\"><p>[vc_row][vc_column][vc_column_text][\/vc_column_text][vc_column_text]<\/p>\n<table width=\"588\">\n<tbody>\n<tr>\n<td width=\"64\">SYMBOL<\/td>\n<td width=\"104\">\u015aREDNICA<\/td>\n<td width=\"161\">WYTRZYMA\u0141O\u015a\u0106 [KG]<\/td>\n<td width=\"99\">NAW\u00d3J [MB]<\/td>\n<td width=\"160\">EAN<\/td>\n<\/tr>\n<tr>\n<td>\u015aLE081<\/td>\n<td>8mm<\/td>\n<td>100<\/td>\n<td>1<\/td>\n<td>5906718029332<\/td>\n<\/tr>\n<tr>\n<td>\u015aLE081,3<\/td>\n<td>8mm<\/td>\n<td>100<\/td>\n<td>1,3<\/td>\n<td>5906718029225<\/td>\n<\/tr>\n<\/tbody>\n<\/table>\n<p>[\/vc_column_text][\/vc_column][\/vc_row]<\/p>\n<\/section>","protected":false},"excerpt":{"rendered":"<ul>\n<li>Rozci\u0105gliwo\u015b\u0107 100%<\/li>\n<li>Lina elastyczna z hakiem<\/li>\n<li>S\u0142u\u017cy do napinania plandek, siatek, doskona\u0142a do zabezpieczenia towaru<\/li>\n<\/ul>\n","protected":false},"featured_media":41185,"template":"","meta":[],"product_cat":[116,86],"product_tag":[],"class_list":["post-3163","product","type-product","status-publish","has-post-thumbnail","hentry","product_cat-liny-elastyczne","product_cat-liny-i-lancuchy","description-off"],"_links":{"self":[{"href":"https:\/\/linotech.pl\/de\/wp-json\/wp\/v2\/product\/3163","targetHints":{"allow":["GET"]}}],"collection":[{"href":"https:\/\/linotech.pl\/de\/wp-json\/wp\/v2\/product"}],"about":[{"href":"https:\/\/linotech.pl\/de\/wp-json\/wp\/v2\/types\/product"}],"wp:featuredmedia":[{"embeddable":true,"href":"https:\/\/linotech.pl\/de\/wp-json\/wp\/v2\/media\/41185"}],"wp:attachment":[{"href":"https:\/\/linotech.pl\/de\/wp-json\/wp\/v2\/media?parent=3163"}],"wp:term":[{"taxonomy":"product_cat","embeddable":true,"href":"https:\/\/linotech.pl\/de\/wp-json\/wp\/v2\/product_cat?post=3163"},{"taxonomy":"product_tag","embeddable":true,"href":"https:\/\/linotech.pl\/de\/wp-json\/wp\/v2\/product_tag?post=3163"}],"curies":[{"name":"wp","href":"https:\/\/api.w.org\/{rel}","templated":true}]}}