{"id":44390,"date":"2024-03-15T11:25:52","date_gmt":"2024-03-15T11:25:52","guid":{"rendered":"https:\/\/linotech.pl\/?post_type=product&#038;p=44390"},"modified":"2024-10-11T09:27:27","modified_gmt":"2024-10-11T09:27:27","slug":"linka-do-podwiazywania-poltusz-8mm","status":"publish","type":"product","link":"https:\/\/linotech.pl\/de\/produkt\/linka-do-podwiazywania-poltusz-8mm\/","title":{"rendered":"Linka do podwi\u0105zywania p\u00f3\u0142tusz"},"content":{"rendered":"<section class=\"wpb-content-wrapper\"><p>[vc_row][vc_column][vc_column_text]Lina polipropylenowa pleciona z rdzeniem w uk\u0142adzie r\u00f3wnoleg\u0142ym to wytrzyma\u0142a i elastyczna lina sk\u0142adaj\u0105ca si\u0119 z 16 oplot\u00f3w. W centrum liny znajduje si\u0119 rdze\u0144, kt\u00f3ry zwi\u0119ksza wytrzyma\u0142o\u015b\u0107 i stabilizuje lini\u0119.<\/p>\n<p>Cechy liny polipropylenowej plecionej z rdzeniem w uk\u0142adzie r\u00f3wnoleg\u0142ym to:<\/p>\n<ol>\n<li>Wysoka wytrzyma\u0142o\u015b\u0107 na rozci\u0105ganie: Lina wykonana z polipropylenu jest bardzo mocna i wytrzyma\u0142a na rozci\u0105ganie.<\/li>\n<li>Elastyczno\u015b\u0107: Lina jest elastyczna, co u\u0142atwia jej u\u017cycie w r\u00f3\u017cnych zastosowaniach.<\/li>\n<li>Odporno\u015b\u0107 na czynniki atmosferyczne: Polipropylen jest odporny na dzia\u0142anie wody i promieniowania UV, co sprawia, \u017ce lina jest idealna do u\u017cytku w warunkach zewn\u0119trznych.<\/li>\n<li>Ma\u0142a waga: Lina jest lekka, co u\u0142atwia jej przenoszenie i u\u017cycie.<\/li>\n<\/ol>\n<p>[\/vc_column_text][vc_column_text]<\/p>\n<table width=\"483\">\n<tbody>\n<tr>\n<td width=\"64\">Nazwa<\/td>\n<td width=\"64\">Symbol<\/td>\n<td width=\"64\">\u015arednica [mm]<\/td>\n<td width=\"64\">Wytrzyma\u0142o\u015b\u0107 [kg]<\/td>\n<td width=\"64\">Naw\u00f3j [mb]<\/td>\n<td width=\"64\">Kolor<\/td>\n<td width=\"99\">EAN<\/td>\n<\/tr>\n<tr>\n<td>Lina polipropylenowa Pleciona<\/td>\n<td>LPP05B<\/td>\n<td>5<\/td>\n<td>244<\/td>\n<td>400<\/td>\n<td>Bia\u0142y<\/td>\n<td>5906718022219<\/td>\n<\/tr>\n<tr>\n<td>Lina polipropylenowa Pleciona<\/td>\n<td>LPP05N<\/td>\n<td>5<\/td>\n<td>244<\/td>\n<td>400<\/td>\n<td>Niebieski<\/td>\n<td>5906718022219<\/td>\n<\/tr>\n<tr>\n<td>Lina polipropylenowa Pleciona<\/td>\n<td>LPP06B<\/td>\n<td>6<\/td>\n<td>420<\/td>\n<td>400<\/td>\n<td>Bia\u0142y<\/td>\n<td>5906718022288<\/td>\n<\/tr>\n<tr>\n<td>Lina polipropylenowa Pleciona<\/td>\n<td>LPP06N<\/td>\n<td>6<\/td>\n<td>420<\/td>\n<td>400<\/td>\n<td>Niebieski<\/td>\n<td>5906718022288<\/td>\n<\/tr>\n<tr>\n<td>Lina polipropylenowa Pleciona<\/td>\n<td>LPP08B<\/td>\n<td>8<\/td>\n<td>750<\/td>\n<td>300<\/td>\n<td>Bia\u0142y<\/td>\n<td>5906718022424<\/td>\n<\/tr>\n<\/tbody>\n<\/table>\n<p>[\/vc_column_text][\/vc_column][\/vc_row]<\/p>\n<\/section>","protected":false},"excerpt":{"rendered":"<p>Oplot: Jedwab Polipropylenowy<br \/>\nRdze\u0144: Jedwab Polipropylenowy, uk\u0142ad r\u00f3wnoleg\u0142y<br \/>\nCh\u0142onno\u015b\u0107 wody: ~0%<br \/>\nStabilizacja na promienie UV<br \/>\nOdporne na dzia\u0142anie substancji chemicznych i organicznych<br \/>\nBardzo niska masa<br \/>\nBardzo du\u017ca wytrzyma\u0142o\u015b\u0107<br \/>\nKolory: bia\u0142a<br \/>\nRozmiar: 5mm-8mm<br \/>\nZastosowanie: \u017cegluga budownictwo, rolnictwo, transport, dekoracja, przemys\u0142.<\/p>\n","protected":false},"featured_media":45080,"template":"","meta":[],"product_cat":[63,87],"product_tag":[],"class_list":["post-44390","product","type-product","status-publish","has-post-thumbnail","hentry","product_cat-liny-do-podwieszania-poltusz","product_cat-liny-polipropylenowe","description-off"],"_links":{"self":[{"href":"https:\/\/linotech.pl\/de\/wp-json\/wp\/v2\/product\/44390","targetHints":{"allow":["GET"]}}],"collection":[{"href":"https:\/\/linotech.pl\/de\/wp-json\/wp\/v2\/product"}],"about":[{"href":"https:\/\/linotech.pl\/de\/wp-json\/wp\/v2\/types\/product"}],"wp:featuredmedia":[{"embeddable":true,"href":"https:\/\/linotech.pl\/de\/wp-json\/wp\/v2\/media\/45080"}],"wp:attachment":[{"href":"https:\/\/linotech.pl\/de\/wp-json\/wp\/v2\/media?parent=44390"}],"wp:term":[{"taxonomy":"product_cat","embeddable":true,"href":"https:\/\/linotech.pl\/de\/wp-json\/wp\/v2\/product_cat?post=44390"},{"taxonomy":"product_tag","embeddable":true,"href":"https:\/\/linotech.pl\/de\/wp-json\/wp\/v2\/product_tag?post=44390"}],"curies":[{"name":"wp","href":"https:\/\/api.w.org\/{rel}","templated":true}]}}