{"id":1250,"date":"2023-04-18T06:00:41","date_gmt":"2023-04-18T06:00:41","guid":{"rendered":"https:\/\/linotech.pl\/?post_type=product&#038;p=1250"},"modified":"2025-05-22T10:45:33","modified_gmt":"2025-05-22T10:45:33","slug":"lina-polipropylenowa-pleciona","status":"publish","type":"product","link":"https:\/\/linotech.pl\/en\/produkt\/lina-polipropylenowa-pleciona\/","title":{"rendered":"Lina polipropylenowa pleciona 16 oplotowa"},"content":{"rendered":"<section class=\"wpb-content-wrapper\"><p>[vc_row][vc_column][vc_column_text]Lina polipropylenowa pleciona z rdzeniem w uk\u0142adzie r\u00f3wnoleg\u0142ym to wytrzyma\u0142a i elastyczna lina sk\u0142adaj\u0105ca si\u0119 z 16 oplot\u00f3w. W centrum liny znajduje si\u0119 rdze\u0144, kt\u00f3ry zwi\u0119ksza wytrzyma\u0142o\u015b\u0107 i stabilizuje lini\u0119.<\/p>\n<p>Cechy liny polipropylenowej plecionej z rdzeniem w uk\u0142adzie r\u00f3wnoleg\u0142ym to:<\/p>\n<ol>\n<li>Wysoka wytrzyma\u0142o\u015b\u0107 na rozci\u0105ganie: Lina wykonana z polipropylenu jest bardzo mocna i wytrzyma\u0142a na rozci\u0105ganie.<\/li>\n<li>Elastyczno\u015b\u0107: Lina jest elastyczna, co u\u0142atwia jej u\u017cycie w r\u00f3\u017cnych zastosowaniach..<\/li>\n<li>Ma\u0142a waga: Lina jest lekka, co u\u0142atwia jej przenoszenie i u\u017cycie.<\/li>\n<\/ol>\n<p>[\/vc_column_text][vc_column_text]<\/p>\n<table>\n<tbody>\n<tr>\n<td>Nazwa<\/td>\n<td>Symbol<\/td>\n<td>\u015arednica [mm]<\/td>\n<td>Wytrzyma\u0142o\u015b\u0107 [kg]<\/td>\n<td>Naw\u00f3j [mb]<\/td>\n<td>EAN<\/td>\n<\/tr>\n<tr>\n<td>Lina polipropylenowa pleciona<\/td>\n<td>LPP02<\/td>\n<td>2<\/td>\n<td>82<\/td>\n<td>700<\/td>\n<td>5906718022004<\/td>\n<\/tr>\n<tr>\n<td>Lina polipropylenowa pleciona<\/td>\n<td>LPP03<\/td>\n<td>3<\/td>\n<td>123<\/td>\n<td>400<\/td>\n<td>5906718022073<\/td>\n<\/tr>\n<tr>\n<td>Lina polipropylenowa pleciona<\/td>\n<td>LPP04<\/td>\n<td>4<\/td>\n<td>180<\/td>\n<td>500<\/td>\n<td>5906718022141<\/td>\n<\/tr>\n<tr>\n<td>Lina polipropylenowa pleciona<\/td>\n<td>LPP05<\/td>\n<td>5<\/td>\n<td>244<\/td>\n<td>400<\/td>\n<td>5906718022219<\/td>\n<\/tr>\n<tr>\n<td>Lina polipropylenowa pleciona<\/td>\n<td>LPP06<\/td>\n<td>6<\/td>\n<td>420<\/td>\n<td>400<\/td>\n<td>5906718022288<\/td>\n<\/tr>\n<tr>\n<td>Lina polipropylenowa pleciona<\/td>\n<td>LPP08<\/td>\n<td>8<\/td>\n<td>750<\/td>\n<td>300<\/td>\n<td>5906718022424<\/td>\n<\/tr>\n<tr>\n<td>Lina polipropylenowa pleciona<\/td>\n<td>LPP10<\/td>\n<td>10<\/td>\n<td>1240<\/td>\n<td>200<\/td>\n<td>5906718022561<\/td>\n<\/tr>\n<tr>\n<td>Lina polipropylenowa pleciona<\/td>\n<td>LPP12<\/td>\n<td>12<\/td>\n<td>1415<\/td>\n<td>150<\/td>\n<td>5906718022707<\/td>\n<\/tr>\n<tr>\n<td>Lina polipropylenowa pleciona<\/td>\n<td>LPP16<\/td>\n<td>16<\/td>\n<td>1640<\/td>\n<td>120<\/td>\n<td>5906718022844<\/td>\n<\/tr>\n<tr>\n<td>Lina polipropylenowa pleciona<\/td>\n<td>LPP14<\/td>\n<td>14<\/td>\n<td>1880<\/td>\n<td>100<\/td>\n<td>5906718022981<\/td>\n<\/tr>\n<tr>\n<td>Lina polipropylenowa pleciona<\/td>\n<td>LPP18<\/td>\n<td>18<\/td>\n<td>2526<\/td>\n<td>80<\/td>\n<td>5906718022056<\/td>\n<\/tr>\n<tr>\n<td>Lina polipropylenowa pleciona<\/td>\n<td>LPP20<\/td>\n<td>20<\/td>\n<td>3420<\/td>\n<td>60<\/td>\n<td>5906718022193<\/td>\n<\/tr>\n<tr>\n<td>Lina polipropylenowa pleciona<\/td>\n<td>LPP22<\/td>\n<td>22<\/td>\n<td>3560<\/td>\n<td>50<\/td>\n<td>5906718022292<\/td>\n<\/tr>\n<tr>\n<td>Lina polipropylenowa pleciona<\/td>\n<td>LPP24<\/td>\n<td>24<\/td>\n<td>3690<\/td>\n<td>50<\/td>\n<td>5906718022261<\/td>\n<\/tr>\n<tr>\n<td>Lina polipropylenowa pleciona<\/td>\n<td>LPP25<\/td>\n<td>25<\/td>\n<td>3750<\/td>\n<td>50<\/td>\n<td>5906718022124<\/td>\n<\/tr>\n<\/tbody>\n<\/table>\n<p>[\/vc_column_text][\/vc_column][\/vc_row]<\/p>\n<\/section>","protected":false},"excerpt":{"rendered":"<p>Oplot: Jedwab Polipropylenowy<br \/>\nRdze\u0144: Jedwab Polipropylenowy, uk\u0142ad r\u00f3wnoleg\u0142y<br \/>\nCh\u0142onno\u015b\u0107 wody: ~0%<br \/>\nOdporne na dzia\u0142anie substancji chemicznych i organicznych<br \/>\nBardzo niska masa<br \/>\nBardzo du\u017ca wytrzyma\u0142o\u015b\u0107<br \/>\nKolory: bia\u0142a, czarna, czerwona, niebieska, pomara\u0144czowa, zielona i \u017c\u00f3\u0142ta.<br \/>\nZastosowanie: \u017cegluga budownictwo, rolnictwo, transport, dekoracja, przemys\u0142.<\/p>\n","protected":false},"featured_media":704,"template":"","meta":[],"product_cat":[87],"product_tag":[],"class_list":["post-1250","product","type-product","status-publish","has-post-thumbnail","hentry","product_cat-liny-polipropylenowe","description-off"],"_links":{"self":[{"href":"https:\/\/linotech.pl\/en\/wp-json\/wp\/v2\/product\/1250","targetHints":{"allow":["GET"]}}],"collection":[{"href":"https:\/\/linotech.pl\/en\/wp-json\/wp\/v2\/product"}],"about":[{"href":"https:\/\/linotech.pl\/en\/wp-json\/wp\/v2\/types\/product"}],"wp:featuredmedia":[{"embeddable":true,"href":"https:\/\/linotech.pl\/en\/wp-json\/wp\/v2\/media\/704"}],"wp:attachment":[{"href":"https:\/\/linotech.pl\/en\/wp-json\/wp\/v2\/media?parent=1250"}],"wp:term":[{"taxonomy":"product_cat","embeddable":true,"href":"https:\/\/linotech.pl\/en\/wp-json\/wp\/v2\/product_cat?post=1250"},{"taxonomy":"product_tag","embeddable":true,"href":"https:\/\/linotech.pl\/en\/wp-json\/wp\/v2\/product_tag?post=1250"}],"curies":[{"name":"wp","href":"https:\/\/api.w.org\/{rel}","templated":true}]}}