{"id":1951,"date":"2023-04-06T09:53:47","date_gmt":"2023-04-06T09:53:47","guid":{"rendered":"https:\/\/linotech.pl\/produkt\/sznurek-bawelniany\/"},"modified":"2023-04-20T09:31:15","modified_gmt":"2023-04-20T09:31:15","slug":"sznurek-bawelniany","status":"publish","type":"product","link":"https:\/\/linotech.pl\/en\/produkt\/sznurek-bawelniany\/","title":{"rendered":"Cotton cord"},"content":{"rendered":"<section class=\"wpb-content-wrapper\"><p>[vc_row][vc_column][vc_column_text]Tu mo\u017ce by\u0107 tekst opisowy. Tu mo\u017ce by\u0107 tekst opisowy. Tu mo\u017ce by\u0107 tekst opisowy.<br \/>\nTu mo\u017ce by\u0107 tekst opisowy. Tu mo\u017ce by\u0107 tekst opisowy. Tu mo\u017ce by\u0107 tekst opisowy.<br \/>\nTu mo\u017ce by\u0107 tekst opisowy. Tu mo\u017ce by\u0107 tekst opisowy. Tu mo\u017ce by\u0107 tekst opisowy.[\/vc_column_text][vc_column_text]<\/p>\n<table>\n<tbody>\n<tr class=\"tabnaglowek\">\n<td style=\"text-align: center;\">Nazwa<\/td>\n<td style=\"text-align: center;\">\u00a0Symbol<\/td>\n<td style=\"text-align: center;\">\u00a0Rozmiar [mm]<\/td>\n<td style=\"text-align: center;\">Naw\u00f3j [m]<\/td>\n<td style=\"text-align: center;\">Opakowanie [szt]<\/td>\n<td style=\"text-align: center;\">Wytrzyma\u0142o\u015b\u0107 [kg]<\/td>\n<td style=\"text-align: center;\">Kod Ean<\/td>\n<\/tr>\n<tr class=\"tablinie\">\n<td style=\"text-align: center;\">Sznurek Bawe\u0142niany<\/td>\n<td style=\"text-align: center;\">SZB0,1<\/td>\n<td style=\"text-align: center;\">1,8mm<\/td>\n<td style=\"text-align: center;\">60<\/td>\n<td style=\"text-align: center;\">20<\/td>\n<td style=\"text-align: center;\">xxxxxxxxx<\/td>\n<td style=\"text-align: center;\">5906718029508<\/td>\n<\/tr>\n<tr class=\"tablinie\">\n<td style=\"text-align: center;\">Sznurek Bawe\u0142niany<\/td>\n<td style=\"text-align: center;\">SZB0,25<\/td>\n<td style=\"text-align: center;\">1,8mm<\/td>\n<td style=\"text-align: center;\">150<\/td>\n<td style=\"text-align: center;\">12<\/td>\n<td style=\"text-align: center;\">xxxxxxxxx<\/td>\n<td style=\"text-align: center;\">5906718029515<\/td>\n<\/tr>\n<tr class=\"tablinie\">\n<td style=\"text-align: center;\">Sznurek Bawe\u0142niany<\/td>\n<td style=\"text-align: center;\">SZB0,5<\/td>\n<td style=\"text-align: center;\">1,8mm<\/td>\n<td style=\"text-align: center;\">300<\/td>\n<td style=\"text-align: center;\">8<\/td>\n<td style=\"text-align: center;\">xxxxxxxxx<\/td>\n<td style=\"text-align: center;\">5906718029522<\/td>\n<\/tr>\n<tr class=\"tablinie\">\n<td style=\"text-align: center;\">Sznurek Bawe\u0142niany<\/td>\n<td style=\"text-align: center;\">SZB1<\/td>\n<td style=\"text-align: center;\">1,8mm<\/td>\n<td style=\"text-align: center;\">600<\/td>\n<td style=\"text-align: center;\">6<\/td>\n<td style=\"text-align: center;\">xxxxxxxxx<\/td>\n<td style=\"text-align: center;\">5906718029539<\/td>\n<\/tr>\n<\/tbody>\n<\/table>\n<p>[\/vc_column_text][\/vc_column][\/vc_row]<\/p>\n<\/section>","protected":false},"excerpt":{"rendered":"<p>Materia\u0142: bawe\u0142na<br \/>\nSurowiec pochodzenia ro\u015blinnego o naturalnej barwie<\/p>\n","protected":false},"featured_media":1447,"template":"","meta":[],"product_cat":[272,271],"product_tag":[],"class_list":["post-1951","product","type-product","status-publish","has-post-thumbnail","hentry","product_cat-cotton-cord-en","product_cat-twines-for-the-meat-industry","description-off"],"_links":{"self":[{"href":"https:\/\/linotech.pl\/en\/wp-json\/wp\/v2\/product\/1951","targetHints":{"allow":["GET"]}}],"collection":[{"href":"https:\/\/linotech.pl\/en\/wp-json\/wp\/v2\/product"}],"about":[{"href":"https:\/\/linotech.pl\/en\/wp-json\/wp\/v2\/types\/product"}],"wp:featuredmedia":[{"embeddable":true,"href":"https:\/\/linotech.pl\/en\/wp-json\/wp\/v2\/media\/1447"}],"wp:attachment":[{"href":"https:\/\/linotech.pl\/en\/wp-json\/wp\/v2\/media?parent=1951"}],"wp:term":[{"taxonomy":"product_cat","embeddable":true,"href":"https:\/\/linotech.pl\/en\/wp-json\/wp\/v2\/product_cat?post=1951"},{"taxonomy":"product_tag","embeddable":true,"href":"https:\/\/linotech.pl\/en\/wp-json\/wp\/v2\/product_tag?post=1951"}],"curies":[{"name":"wp","href":"https:\/\/api.w.org\/{rel}","templated":true}]}}