{"id":38326,"date":"2023-06-29T04:09:21","date_gmt":"2023-06-29T04:09:21","guid":{"rendered":"https:\/\/linotech.pl\/?post_type=product&#038;p=38326"},"modified":"2023-07-03T12:28:22","modified_gmt":"2023-07-03T12:28:22","slug":"round-tarpaulin-guide","status":"publish","type":"product","link":"https:\/\/linotech.pl\/en\/produkt\/round-tarpaulin-guide\/","title":{"rendered":"Round tarpaulin guide"},"content":{"rendered":"<section class=\"wpb-content-wrapper\"><p>[vc_row][vc_column][vc_column_text]Tu mo\u017ce by\u0107 tekst opisowy. Tu mo\u017ce by\u0107 tekst opisowy. Tu mo\u017ce by\u0107 tekst opisowy.<br \/>\nTu mo\u017ce by\u0107 tekst opisowy. Tu mo\u017ce by\u0107 tekst opisowy. Tu mo\u017ce by\u0107 tekst opisowy.<br \/>\nTu mo\u017ce by\u0107 tekst opisowy. Tu mo\u017ce by\u0107 tekst opisowy. Tu mo\u017ce by\u0107 tekst opisowy.[\/vc_column_text][vc_column_text]<\/p>\n<table>\n<tbody>\n<tr class=\"tabnaglowek\">\n<td style=\"text-align: center;\">Nazwa<\/td>\n<td style=\"text-align: center;\">\u00a0Symbol<\/td>\n<td style=\"text-align: center;\">\u00a0Rozmiar [mm]<\/td>\n<td style=\"text-align: center;\">Naw\u00f3j [m]<\/td>\n<td style=\"text-align: center;\">Opakowanie [szt]<\/td>\n<td style=\"text-align: center;\">Wytrzyma\u0142o\u015b\u0107 [kg]<\/td>\n<td style=\"text-align: center;\">Kod Ean<\/td>\n<\/tr>\n<tr class=\"tablinie\">\n<td style=\"text-align: center;\">Lina jutowa<\/td>\n<td style=\"text-align: center;\">LJ06<\/td>\n<td style=\"text-align: center;\">6<\/td>\n<td style=\"text-align: center;\">10,15,20,30,50,100<\/td>\n<td style=\"text-align: center;\">xxxxxxxxx<\/td>\n<td style=\"text-align: center;\">xxxxxxxxx<\/td>\n<td style=\"text-align: center;\">5906718021670<\/td>\n<\/tr>\n<tr class=\"tablinie\">\n<td style=\"text-align: center;\">Lina jutowa<\/td>\n<td style=\"text-align: center;\">LJ08<\/td>\n<td style=\"text-align: center;\">8<\/td>\n<td style=\"text-align: center;\">10,15,20,30,50,100<\/td>\n<td style=\"text-align: center;\">xxxxxxxxx<\/td>\n<td style=\"text-align: center;\">xxxxxxxxx<\/td>\n<td style=\"text-align: center;\">5906718021687<\/td>\n<\/tr>\n<tr class=\"tablinie\">\n<td style=\"text-align: center;\">Lina jutowa<\/td>\n<td style=\"text-align: center;\">LJ10<\/td>\n<td style=\"text-align: center;\">10<\/td>\n<td style=\"text-align: center;\">10,15,20,30,50,100<\/td>\n<td style=\"text-align: center;\">xxxxxxxxx<\/td>\n<td style=\"text-align: center;\">xxxxxxxxx<\/td>\n<td style=\"text-align: center;\">5906718021175<\/td>\n<\/tr>\n<tr class=\"tablinie\">\n<td style=\"text-align: center;\">Lina jutowa<\/td>\n<td style=\"text-align: center;\">LJ12<\/td>\n<td style=\"text-align: center;\">12<\/td>\n<td style=\"text-align: center;\">10,15,20,30,50,100<\/td>\n<td style=\"text-align: center;\">xxxxxxxxx<\/td>\n<td style=\"text-align: center;\">xxxxxxxxx<\/td>\n<td style=\"text-align: center;\">5906718021144<\/td>\n<\/tr>\n<tr class=\"tablinie\">\n<td style=\"text-align: center;\">Lina jutowa<\/td>\n<td style=\"text-align: center;\">LJ14<\/td>\n<td style=\"text-align: center;\">14<\/td>\n<td style=\"text-align: center;\">10,15,20,30,50,100<\/td>\n<td style=\"text-align: center;\">xxxxxxxxx<\/td>\n<td style=\"text-align: center;\">xxxxxxxxx<\/td>\n<td style=\"text-align: center;\">5906718021168<\/td>\n<\/tr>\n<tr class=\"tablinie\">\n<td style=\"text-align: center;\">Lina jutowa<\/td>\n<td style=\"text-align: center;\">LJ16<\/td>\n<td style=\"text-align: center;\">16<\/td>\n<td style=\"text-align: center;\">10,15,20,30,50,100<\/td>\n<td style=\"text-align: center;\">xxxxxxxxx<\/td>\n<td style=\"text-align: center;\">xxxxxxxxx<\/td>\n<td style=\"text-align: center;\">5906718021151<\/td>\n<\/tr>\n<tr class=\"tablinie\">\n<td style=\"text-align: center;\">Lina jutowa<\/td>\n<td style=\"text-align: center;\">LJ18<\/td>\n<td style=\"text-align: center;\">18<\/td>\n<td style=\"text-align: center;\">10,15,20,30,50,100<\/td>\n<td style=\"text-align: center;\">xxxxxxxxx<\/td>\n<td style=\"text-align: center;\">xxxxxxxxx<\/td>\n<td style=\"text-align: center;\">5906718021663<\/td>\n<\/tr>\n<tr class=\"tablinie\">\n<td style=\"text-align: center;\">Lina jutowa<\/td>\n<td style=\"text-align: center;\">LJ20<\/td>\n<td style=\"text-align: center;\">20<\/td>\n<td style=\"text-align: center;\">10,15,20,30,50,100<\/td>\n<td style=\"text-align: center;\">xxxxxxxxx<\/td>\n<td style=\"text-align: center;\">xxxxxxxxx<\/td>\n<td style=\"text-align: center;\">5906718021373<\/td>\n<\/tr>\n<tr class=\"tablinie\">\n<td style=\"text-align: center;\">Lina jutowa<\/td>\n<td style=\"text-align: center;\">LJ22<\/td>\n<td style=\"text-align: center;\">22<\/td>\n<td style=\"text-align: center;\">10,15,20,30,50<\/td>\n<td style=\"text-align: center;\">xxxxxxxxx<\/td>\n<td style=\"text-align: center;\">xxxxxxxxx<\/td>\n<td style=\"text-align: center;\">5906718021694<\/td>\n<\/tr>\n<tr class=\"tablinie\">\n<td style=\"text-align: center;\">Lina jutowa<\/td>\n<td style=\"text-align: center;\">LJ24<\/td>\n<td style=\"text-align: center;\">24<\/td>\n<td style=\"text-align: center;\">10,15,20,30,50<\/td>\n<td style=\"text-align: center;\">xxxxxxxxx<\/td>\n<td style=\"text-align: center;\">xxxxxxxxx<\/td>\n<td style=\"text-align: center;\">5906718021700<\/td>\n<\/tr>\n<tr class=\"tablinie\">\n<td style=\"text-align: center;\">Lina jutowa<\/td>\n<td style=\"text-align: center;\">LJ26<\/td>\n<td style=\"text-align: center;\">26<\/td>\n<td style=\"text-align: center;\">10,15,20,30,50<\/td>\n<td style=\"text-align: center;\">xxxxxxxxx<\/td>\n<td style=\"text-align: center;\">xxxxxxxxx<\/td>\n<td style=\"text-align: center;\">5906718021717<\/td>\n<\/tr>\n<tr class=\"tablinie\">\n<td style=\"text-align: center;\">Lina jutowa<\/td>\n<td style=\"text-align: center;\">LJ28<\/td>\n<td style=\"text-align: center;\">28<\/td>\n<td style=\"text-align: center;\">10,15,20,30,50<\/td>\n<td style=\"text-align: center;\">xxxxxxxxx<\/td>\n<td style=\"text-align: center;\">xxxxxxxxx<\/td>\n<td style=\"text-align: center;\">5906718021724<\/td>\n<\/tr>\n<tr class=\"tablinie\">\n<td style=\"text-align: center;\">Lina jutowa<\/td>\n<td style=\"text-align: center;\">LJ30<\/td>\n<td style=\"text-align: center;\">30<\/td>\n<td style=\"text-align: center;\">10,15,20,30,50<\/td>\n<td style=\"text-align: center;\">xxxxxxxxx<\/td>\n<td style=\"text-align: center;\">xxxxxxxxx<\/td>\n<td style=\"text-align: center;\">5906718021731<\/td>\n<\/tr>\n<tr class=\"tablinie\">\n<td style=\"text-align: center;\">Lina jutowa<\/td>\n<td style=\"text-align: center;\">LJ36<\/td>\n<td style=\"text-align: center;\">36<\/td>\n<td style=\"text-align: center;\">10,15,20,30,50<\/td>\n<td style=\"text-align: center;\">xxxxxxxxx<\/td>\n<td style=\"text-align: center;\">xxxxxxxxx<\/td>\n<td style=\"text-align: center;\">5906718021748<\/td>\n<\/tr>\n<tr class=\"tablinie\">\n<td style=\"text-align: center;\">Lina jutowa<\/td>\n<td style=\"text-align: center;\">LJ40<\/td>\n<td style=\"text-align: center;\">40<\/td>\n<td style=\"text-align: center;\">10,15,20,30,50<\/td>\n<td style=\"text-align: center;\">xxxxxxxxx<\/td>\n<td style=\"text-align: center;\">xxxxxxxxx<\/td>\n<td style=\"text-align: center;\">5906718021755<\/td>\n<\/tr>\n<tr class=\"tablinie\">\n<td style=\"text-align: center;\">Lina jutowa<\/td>\n<td style=\"text-align: center;\">LJ46<\/td>\n<td style=\"text-align: center;\">46<\/td>\n<td style=\"text-align: center;\">10,15,20,30,50<\/td>\n<td style=\"text-align: center;\">xxxxxxxxx<\/td>\n<td style=\"text-align: center;\">xxxxxxxxx<\/td>\n<td style=\"text-align: center;\">5906718021762<\/td>\n<\/tr>\n<tr class=\"tablinie\">\n<td style=\"text-align: center;\">Lina jutowa<\/td>\n<td style=\"text-align: center;\">LJ50<\/td>\n<td style=\"text-align: center;\">50<\/td>\n<td style=\"text-align: center;\">10,15,20,30,50<\/td>\n<td style=\"text-align: center;\">xxxxxxxxx<\/td>\n<td style=\"text-align: center;\">xxxxxxxxx<\/td>\n<td style=\"text-align: center;\">5906718021779<\/td>\n<\/tr>\n<tr class=\"tablinie\">\n<td style=\"text-align: center;\">Lina jutowa<\/td>\n<td style=\"text-align: center;\">LJ60<\/td>\n<td style=\"text-align: center;\">60<\/td>\n<td style=\"text-align: center;\">10,15,20,30,50<\/td>\n<td style=\"text-align: center;\">xxxxxxxxx<\/td>\n<td style=\"text-align: center;\">xxxxxxxxx<\/td>\n<td style=\"text-align: center;\">5906718021786<\/td>\n<\/tr>\n<tr class=\"tablinie\">\n<td style=\"text-align: center;\">Lina jutowa<\/td>\n<td style=\"text-align: center;\">LJ70<\/td>\n<td style=\"text-align: center;\">70<\/td>\n<td style=\"text-align: center;\">10,15,20,30<\/td>\n<td style=\"text-align: center;\">xxxxxxxxx<\/td>\n<td style=\"text-align: center;\">xxxxxxxxx<\/td>\n<td style=\"text-align: center;\">5906718021793<\/td>\n<\/tr>\n<tr class=\"tablinie\">\n<td style=\"text-align: center;\">Lina jutowa<\/td>\n<td style=\"text-align: center;\">LJ70<\/td>\n<td style=\"text-align: center;\">70<\/td>\n<td style=\"text-align: center;\">10,15,20,30<\/td>\n<td style=\"text-align: center;\">xxxxxxxxx<\/td>\n<td style=\"text-align: center;\">xxxxxxxxx<\/td>\n<td style=\"text-align: center;\">5906718021793<\/td>\n<\/tr>\n<tr class=\"tablinie\">\n<td style=\"text-align: center;\">Lina jutowa<\/td>\n<td style=\"text-align: center;\">LJ70<\/td>\n<td style=\"text-align: center;\">70<\/td>\n<td style=\"text-align: center;\">10,15,20,30<\/td>\n<td style=\"text-align: center;\">xxxxxxxxx<\/td>\n<td style=\"text-align: center;\">xxxxxxxxx<\/td>\n<td style=\"text-align: center;\">5906718021793<\/td>\n<\/tr>\n<tr class=\"tablinie\">\n<td style=\"text-align: center;\">Lina jutowa<\/td>\n<td style=\"text-align: center;\">LJ70<\/td>\n<td style=\"text-align: center;\">70<\/td>\n<td style=\"text-align: center;\">10,15,20,30<\/td>\n<td style=\"text-align: center;\">xxxxxxxxx<\/td>\n<td style=\"text-align: center;\">xxxxxxxxx<\/td>\n<td style=\"text-align: center;\">5906718021793<\/td>\n<\/tr>\n<tr class=\"tablinie\">\n<td style=\"text-align: center;\">Lina jutowa<\/td>\n<td style=\"text-align: center;\">LJ70<\/td>\n<td style=\"text-align: center;\">70<\/td>\n<td style=\"text-align: center;\">10,15,20,30<\/td>\n<td style=\"text-align: center;\">xxxxxxxxx<\/td>\n<td style=\"text-align: center;\">xxxxxxxxx<\/td>\n<td style=\"text-align: center;\">5906718021793<\/td>\n<\/tr>\n<\/tbody>\n<\/table>\n<p>[\/vc_column_text][\/vc_column][\/vc_row]<\/p>\n<\/section>","protected":false},"excerpt":{"rendered":"<p>Materia\u0142: Juta<br \/>\nSplot: Skr\u0119cany 3 \u017cy\u0142owy<br \/>\nSurowiec pochodzenia ro\u015blinnego o naturalnej barwie<br \/>\nDelikatna w dotyku<\/p>\n","protected":false},"featured_media":44485,"template":"","meta":[],"product_cat":[224,408,356],"product_tag":[],"class_list":["post-38326","product","type-product","status-publish","has-post-thumbnail","hentry","product_cat-accessories","product_cat-others","product_cat-tarpaulins","description-off"],"_links":{"self":[{"href":"https:\/\/linotech.pl\/en\/wp-json\/wp\/v2\/product\/38326","targetHints":{"allow":["GET"]}}],"collection":[{"href":"https:\/\/linotech.pl\/en\/wp-json\/wp\/v2\/product"}],"about":[{"href":"https:\/\/linotech.pl\/en\/wp-json\/wp\/v2\/types\/product"}],"wp:featuredmedia":[{"embeddable":true,"href":"https:\/\/linotech.pl\/en\/wp-json\/wp\/v2\/media\/44485"}],"wp:attachment":[{"href":"https:\/\/linotech.pl\/en\/wp-json\/wp\/v2\/media?parent=38326"}],"wp:term":[{"taxonomy":"product_cat","embeddable":true,"href":"https:\/\/linotech.pl\/en\/wp-json\/wp\/v2\/product_cat?post=38326"},{"taxonomy":"product_tag","embeddable":true,"href":"https:\/\/linotech.pl\/en\/wp-json\/wp\/v2\/product_tag?post=38326"}],"curies":[{"name":"wp","href":"https:\/\/api.w.org\/{rel}","templated":true}]}}